{"id":6143,"date":"2013-08-30T12:30:53","date_gmt":"2013-08-30T11:30:53","guid":{"rendered":"https:\/\/nova.os-sticna.si\/?page_id=6143"},"modified":"2021-04-18T15:49:18","modified_gmt":"2021-04-18T14:49:18","slug":"jedilnik","status":"publish","type":"page","link":"https:\/\/nova.os-sticna.si\/?page_id=6143","title":{"rendered":"Jedilnik"},"content":{"rendered":"<div class=\"page-restrict-output\">\n<p><a href=\"http:\/\/www2.arnes.si\/~osticnalj\/nad\/jedilnik.pdf\">Jedilnik<\/a><\/p>\n\n\n\n<figure class=\"wp-block-embed-pdf-viewer-pdf wp-block-embed-pdf-viewer-pdf__content-wrapper aligncenter\"><object class=\"embed-pdf-viewer\" data=\"https:\/\/nova.os-sticna.si\/pdf\/jedilnik.pdf#scrollbar=1&amp;toolbar=1\" type=\"application\/pdf\" height=\"887\" width=\"887\" title=\"\"><\/object><iframe loading=\"lazy\" class=\"embed-pdf-viewer\" src=\"https:\/\/docs.google.com\/viewer?url=https%3A%2F%2Fnova.os-sticna.si%2Fpdf%2Fjedilnik.pdf&amp;embedded=true\" frameborder=\"0\" height=\"887\" width=\"887\" title=\"\"><\/iframe><\/figure>\n\n\n\n<p>Vodjem \u0161olske prehrane lahko pi\u0161ete na:<\/p>\n\n\n\n<ul><li>prehrana-ms@os-sticna.si, v zvezi s prehrano na mati\u010dni \u0161oli in podru\u017eni\u010dnih \u0161olah Sti\u010dna in Muljava.<\/li><li>prehrana-vg@os-sticna.si, v zvezi s prehrano na podru\u017eni\u010dni \u0161oli Vi\u0161nja Gora.<\/li><li>prehrana-zag@os-sticna.si, v zvezi s prehrano na podru\u017eni\u010dnih \u0161olah Krka, Ambrus in Zagradec.<\/li><\/ul>\n<\/div>","protected":false},"excerpt":{"rendered":"<div class=\"page-restrict-output\"><p>Jedilnik Vodjem \u0161olske prehrane lahko pi\u0161ete na: prehrana-ms@os-sticna.si, v zvezi s prehrano na mati\u010dni \u0161oli in podru\u017eni\u010dnih \u0161olah Sti\u010dna in Muljava. prehrana-vg@os-sticna.si, v zvezi s prehrano na podru\u017eni\u010dni \u0161oli Vi\u0161nja Gora. prehrana-zag@os-sticna.si, v zvezi s prehrano na podru\u017eni\u010dnih \u0161olah Krka, Ambrus in Zagradec.<\/p>\n<\/div>","protected":false},"author":1,"featured_media":0,"parent":1699,"menu_order":0,"comment_status":"closed","ping_status":"open","template":"","meta":{"ngg_post_thumbnail":0},"_links":{"self":[{"href":"https:\/\/nova.os-sticna.si\/index.php?rest_route=\/wp\/v2\/pages\/6143"}],"collection":[{"href":"https:\/\/nova.os-sticna.si\/index.php?rest_route=\/wp\/v2\/pages"}],"about":[{"href":"https:\/\/nova.os-sticna.si\/index.php?rest_route=\/wp\/v2\/types\/page"}],"author":[{"embeddable":true,"href":"https:\/\/nova.os-sticna.si\/index.php?rest_route=\/wp\/v2\/users\/1"}],"replies":[{"embeddable":true,"href":"https:\/\/nova.os-sticna.si\/index.php?rest_route=%2Fwp%2Fv2%2Fcomments&post=6143"}],"version-history":[{"count":5,"href":"https:\/\/nova.os-sticna.si\/index.php?rest_route=\/wp\/v2\/pages\/6143\/revisions"}],"predecessor-version":[{"id":25455,"href":"https:\/\/nova.os-sticna.si\/index.php?rest_route=\/wp\/v2\/pages\/6143\/revisions\/25455"}],"up":[{"embeddable":true,"href":"https:\/\/nova.os-sticna.si\/index.php?rest_route=\/wp\/v2\/pages\/1699"}],"wp:attachment":[{"href":"https:\/\/nova.os-sticna.si\/index.php?rest_route=%2Fwp%2Fv2%2Fmedia&parent=6143"}],"curies":[{"name":"wp","href":"https:\/\/api.w.org\/{rel}","templated":true}]}}