{"id":25657,"date":"2021-11-16T07:30:36","date_gmt":"2021-11-16T06:30:36","guid":{"rendered":"https:\/\/nova.os-sticna.si\/?page_id=25657"},"modified":"2022-01-23T18:00:42","modified_gmt":"2022-01-23T17:00:42","slug":"samotestiranje","status":"publish","type":"page","link":"https:\/\/nova.os-sticna.si\/?page_id=25657","title":{"rendered":"U\u010diteljska stran"},"content":{"rendered":"<div class=\"page-restrict-output\"><div style=\"background-color: #f9e79f; padding: 10px; border: solid 2px red; border-radius: 15px; margin-bottom: 20px;\">\n<h4>Vodenje evidence samotestiranja pri u\u010dencih:<\/h4>\n<ul>\n<li><a href=\"https:\/\/ossticna-my.sharepoint.com\/:x:\/g\/personal\/gregor_os-sticna_si\/EQh5UQL5k45PqA91Wvi-xA4BBUcLMIOWthsr506PZ47QZA?e=beclvs\">mati\u010dna \u0161ola predmetna stopnja<\/a><\/li>\n<li><a href=\"https:\/\/ossticna-my.sharepoint.com\/:x:\/g\/personal\/barbara_pavovec_os-sticna_si\/Eeqyi8UWna1Ck6HSo_s5Q_kBnLyAV0aTKRYe_IvzRaNCwg?e=aqsWt2\">P\u0160 Vi\u0161nja Gora<\/a><\/li>\n<li><a href=\"https:\/\/ossticna-my.sharepoint.com\/:x:\/g\/personal\/gregor_os-sticna_si\/Ee_ukyu6_oFOiKODjOjs2ncB2f2FXo4nuGbqmAvQCrLfnw?e=kfIieC\">mati\u010dna \u0161ola razredna stopnja<\/a><\/li>\n<li><a href=\"https:\/\/ossticna-my.sharepoint.com\/:x:\/g\/personal\/gregor_os-sticna_si\/EaiDQwXeLZVJkNcvLJzjAPUBO4ta1oYX8wkuha-fn0ZVaw?e=XjARgD\">P\u0160 Sti\u010dna in P\u0160 Muljava<\/a><\/li>\n<\/ul>\n<\/div>\n<hr>\n<div style=\"background-color: #85c1e9; padding: 10px; border: solid 2px red; border-radius: 15px; margin-top: 20px;\">\n<h4>Vodenje evidence oku\u017eenih zaradi napotitve v karanteno:<\/h4>\n<p><span style=\"color: #ffffff;\"><strong>V tabelo vpisujejo razredniki. <\/strong><\/span><\/p>\n<p><span style=\"color: #ffffff;\"><strong>V tabelo se vpisujejo datumi pozitivnih PCR od 19. 1. 2022 dalje.<\/strong><\/span><\/p>\n<ul>\n<li><a href=\"https:\/\/ossticna-my.sharepoint.com\/:x:\/g\/personal\/gregor_os-sticna_si\/EelUZudr-z9Bk5fgnZshlYABI3-UdHcdgEiNz_WLJ_PkNQ?e=6hemwA\">mati\u010dna \u0161ola predmetna stopnja<\/a><\/li>\n<li><a href=\"https:\/\/ossticna-my.sharepoint.com\/:x:\/g\/personal\/gregor_os-sticna_si\/EfLVBlAncuBFuIE1ftBD_-IBFJEWHrtd2InQDm96udWO6A?e=3v1XwL\">P\u0160 Vi\u0161nja Gora<\/a><\/li>\n<li><a href=\"https:\/\/ossticna-my.sharepoint.com\/:x:\/g\/personal\/gregor_os-sticna_si\/EQ3rBKaF9AROpM4kskA2jKsBJmHumrmRXepe5zAOCeYTng?e=ICKsIe\">mati\u010dna \u0161ola razredna stopnja<\/a><\/li>\n<li><a href=\"https:\/\/ossticna-my.sharepoint.com\/:x:\/g\/personal\/gregor_os-sticna_si\/ETJ5mCw_WQZLpF1s7dZHAL8BiHNFbf2naFoV_7J7JS4LwA?e=5FUnfZ\">P\u0160 Sti\u010dna in P\u0160 Muljava<\/a><\/li>\n<\/ul>\n<\/div>\n<p>&nbsp;<\/p>\n<\/div>","protected":false},"excerpt":{"rendered":"<div class=\"page-restrict-output\"><p>Vodenje evidence samotestiranja pri u\u010dencih: mati\u010dna \u0161ola predmetna stopnja P\u0160 Vi\u0161nja Gora mati\u010dna \u0161ola razredna stopnja P\u0160 Sti\u010dna in P\u0160 Muljava Vodenje evidence oku\u017eenih zaradi napotitve v karanteno: V tabelo vpisujejo razredniki. V tabelo se vpisujejo datumi pozitivnih PCR od 19. 1. 2022 dalje. mati\u010dna \u0161ola predmetna stopnja P\u0160 Vi\u0161nja Gora mati\u010dna \u0161ola razredna stopnja [&hellip;]<\/p>\n<\/div>","protected":false},"author":4,"featured_media":0,"parent":0,"menu_order":0,"comment_status":"closed","ping_status":"closed","template":"","meta":{"ngg_post_thumbnail":0},"_links":{"self":[{"href":"https:\/\/nova.os-sticna.si\/index.php?rest_route=\/wp\/v2\/pages\/25657"}],"collection":[{"href":"https:\/\/nova.os-sticna.si\/index.php?rest_route=\/wp\/v2\/pages"}],"about":[{"href":"https:\/\/nova.os-sticna.si\/index.php?rest_route=\/wp\/v2\/types\/page"}],"author":[{"embeddable":true,"href":"https:\/\/nova.os-sticna.si\/index.php?rest_route=\/wp\/v2\/users\/4"}],"replies":[{"embeddable":true,"href":"https:\/\/nova.os-sticna.si\/index.php?rest_route=%2Fwp%2Fv2%2Fcomments&post=25657"}],"version-history":[{"count":5,"href":"https:\/\/nova.os-sticna.si\/index.php?rest_route=\/wp\/v2\/pages\/25657\/revisions"}],"predecessor-version":[{"id":25927,"href":"https:\/\/nova.os-sticna.si\/index.php?rest_route=\/wp\/v2\/pages\/25657\/revisions\/25927"}],"wp:attachment":[{"href":"https:\/\/nova.os-sticna.si\/index.php?rest_route=%2Fwp%2Fv2%2Fmedia&parent=25657"}],"curies":[{"name":"wp","href":"https:\/\/api.w.org\/{rel}","templated":true}]}}