{"id":10106,"date":"2015-01-30T09:22:13","date_gmt":"2015-01-30T08:22:13","guid":{"rendered":"https:\/\/nova.os-sticna.si\/?page_id=10106"},"modified":"2022-01-20T08:12:19","modified_gmt":"2022-01-20T07:12:19","slug":"razpis","status":"publish","type":"page","link":"https:\/\/nova.os-sticna.si\/?page_id=10106","title":{"rendered":"Razpis"},"content":{"rendered":"<div class=\"page-restrict-output\"><p><a href=\"https:\/\/www.gov.si\/teme\/vpis-v-srednjo-solo\/\">Razpis za vpis v srednje \u0161ole in dija\u0161ke domove za \u0161olsko leto 2022\/2023<\/a><\/p>\n<p>&nbsp;<\/p>\n<p>&nbsp;<\/p>\n<\/div>","protected":false},"excerpt":{"rendered":"<div class=\"page-restrict-output\"><p>Razpis za vpis v srednje \u0161ole in dija\u0161ke domove za \u0161olsko leto 2022\/2023 &nbsp; &nbsp;<\/p>\n<\/div>","protected":false},"author":1,"featured_media":0,"parent":9326,"menu_order":0,"comment_status":"open","ping_status":"open","template":"","meta":{"ngg_post_thumbnail":0},"_links":{"self":[{"href":"https:\/\/nova.os-sticna.si\/index.php?rest_route=\/wp\/v2\/pages\/10106"}],"collection":[{"href":"https:\/\/nova.os-sticna.si\/index.php?rest_route=\/wp\/v2\/pages"}],"about":[{"href":"https:\/\/nova.os-sticna.si\/index.php?rest_route=\/wp\/v2\/types\/page"}],"author":[{"embeddable":true,"href":"https:\/\/nova.os-sticna.si\/index.php?rest_route=\/wp\/v2\/users\/1"}],"replies":[{"embeddable":true,"href":"https:\/\/nova.os-sticna.si\/index.php?rest_route=%2Fwp%2Fv2%2Fcomments&post=10106"}],"version-history":[{"count":5,"href":"https:\/\/nova.os-sticna.si\/index.php?rest_route=\/wp\/v2\/pages\/10106\/revisions"}],"predecessor-version":[{"id":25914,"href":"https:\/\/nova.os-sticna.si\/index.php?rest_route=\/wp\/v2\/pages\/10106\/revisions\/25914"}],"up":[{"embeddable":true,"href":"https:\/\/nova.os-sticna.si\/index.php?rest_route=\/wp\/v2\/pages\/9326"}],"wp:attachment":[{"href":"https:\/\/nova.os-sticna.si\/index.php?rest_route=%2Fwp%2Fv2%2Fmedia&parent=10106"}],"curies":[{"name":"wp","href":"https:\/\/api.w.org\/{rel}","templated":true}]}}